{"id":194,"date":"2024-10-31T12:05:37","date_gmt":"2024-10-31T11:05:37","guid":{"rendered":"https:\/\/temp.terreshabitees.fr\/?page_id=194"},"modified":"2024-11-28T16:58:46","modified_gmt":"2024-11-28T15:58:46","slug":"beneficiaires","status":"publish","type":"page","link":"https:\/\/terreshabitees.fr\/index.php\/beneficiaires\/","title":{"rendered":"B\u00e9n\u00e9ficiaires"},"content":{"rendered":"\t\t<div data-elementor-type=\"wp-page\" data-elementor-id=\"194\" class=\"elementor elementor-194\">\n\t\t\t\t<div class=\"elementor-element elementor-element-706b682 e-flex e-con-boxed wpr-particle-no wpr-jarallax-no wpr-parallax-no wpr-sticky-section-no e-con e-parent\" data-id=\"706b682\" data-element_type=\"container\" data-e-type=\"container\" data-settings=\"{&quot;background_background&quot;:&quot;classic&quot;}\">\n\t\t\t\t\t<div class=\"e-con-inner\">\n\t\t\t\t\t<\/div>\n\t\t\t\t<\/div>\n\t\t<div class=\"elementor-element elementor-element-a73e59b e-flex e-con-boxed wpr-particle-no wpr-jarallax-no wpr-parallax-no wpr-sticky-section-no e-con e-parent\" data-id=\"a73e59b\" data-element_type=\"container\" data-e-type=\"container\">\n\t\t\t\t\t<div class=\"e-con-inner\">\n\t\t\t\t<div class=\"elementor-element elementor-element-35bcd7e elementor-widget elementor-widget-heading\" data-id=\"35bcd7e\" data-element_type=\"widget\" data-e-type=\"widget\" data-widget_type=\"heading.default\">\n\t\t\t\t<div class=\"elementor-widget-container\">\n\t\t\t\t\t<h2 class=\"elementor-heading-title elementor-size-default\">Les b\u00e9n\u00e9ficiaires<\/h2>\t\t\t\t<\/div>\n\t\t\t\t<\/div>\n\t\t\t\t<div class=\"elementor-element elementor-element-8c99897 elementor-widget elementor-widget-text-editor\" data-id=\"8c99897\" data-element_type=\"widget\" data-e-type=\"widget\" data-widget_type=\"text-editor.default\">\n\t\t\t\t<div class=\"elementor-widget-container\">\n\t\t\t\t\t\t\t\t\t<p>Les structures b\u00e9n\u00e9ficiaires sont des <a href=\"https:\/\/terreshabitees.fr\/index.php\/les-cooperatives-dhabitants\/\">coop\u00e9ratives d\u2019habitant\u00b7e\u00b7s<\/a> (loi ALUR, loi de 1947).<\/p><p>Elles ont entre autres pour objet de sortir le logement du march\u00e9 et pour cela elles s\u2019engagent \u00e0 avoir une strat\u00e9gie visant le mod\u00e8le purement locatif (sans capitalisation) permettant de tendre vers du bien commun.<\/p><p>Chaque coop\u00e9rative b\u00e9n\u00e9ficiaire est autonome juridiquement et financi\u00e8rement. Elle garde une gestion propre et la main sur les d\u00e9cisions courantes li\u00e9es \u00e0 la vie de la coop\u00e9rative sauf celles qui vont \u00e0 l\u2019encontre de la notion d\u2019habitat bien commun, telle que Terres Habit\u00e9es l\u2019entend. Cette notion se traduit concr\u00e8tement par l\u2019adoption par la coop\u00e9rative d\u2019habitant\u00b7e\u00b7s b\u00e9n\u00e9ficiaire des r\u00e8gles de fonctionnement suivantes :<\/p><ul><li>L\u2019association <a href=\"https:\/\/terreshabitees.fr\/index.php\/habitatbiencommun\">\u00ab\u00a0HabitatBienCommun\u00a0\u00bb<\/a> garante de l\u2019\u00e9thique du projet Terres Habit\u00e9es, prend une part sociale au sein de la coop\u00e9rative afin d&rsquo;exercer un droit de veto en cas de modification statutaire entra\u00eenant la sortie du syst\u00e8me non sp\u00e9culatif ou le non respect des engagements pris par la coop\u00e9rative envers Terres Habit\u00e9es.<\/li><li>La coop\u00e9rative augmente syst\u00e9matiquement la fraction locative (\u00ab\u00a0loyer\u00a0\u00bb) afin de diminuer la fraction acquisitive (\u00ab\u00a0\u00e9pargne ou Compte Courant d\u2019Associ\u00e9\u00b7e\u00b7s\u00a0\u00bb) de fa\u00e7on \u00e9quivalente.<\/li><li>\u00c0 la fin de son emprunt principal d&rsquo;investissement, la coop\u00e9rative rembourse progressivement l&rsquo;int\u00e9gralit\u00e9 des fractions acquisitives (\u00ab\u00a0\u00e9pargnes ou Compte Courant d\u2019Associ\u00e9\u00b7e\u00b7s\u00a0\u00bb) puis rembourse les parts sociales des coop\u00e9rateurs et coop\u00e9ratrices afin de diminuer la capitalisation personnelle (droit d\u2019entr\u00e9e).<\/li><li>Enfin, la coop\u00e9rative sollicite ses membres afin d&rsquo;\u00e9quilibrer ses charges : co\u00fbt d&rsquo;usage le plus bas possible.<\/li><\/ul><p>En outre, ces coop\u00e9ratives en devenant commanditaires c&rsquo;est-\u00e0-dire des associ\u00e9\u00b7e\u00b7s de la SCA &#8211; permettent gr\u00e2ce \u00e0 la mutualisation des moyens financiers de faire b\u00e9n\u00e9ficier cet outil \u00e0 d\u2019autres <a href=\"https:\/\/terreshabitees.fr\/index.php\/les-cooperatives-dhabitants\/\">coop\u00e9ratives d\u2019habitant\u00b7e\u00b7s<\/a>.<\/p>\t\t\t\t\t\t\t\t<\/div>\n\t\t\t\t<\/div>\n\t\t\t\t\t<\/div>\n\t\t\t\t<\/div>\n\t\t<div class=\"elementor-element elementor-element-c9c9882 e-flex e-con-boxed wpr-particle-no wpr-jarallax-no wpr-parallax-no wpr-sticky-section-no e-con e-parent\" data-id=\"c9c9882\" data-element_type=\"container\" data-e-type=\"container\">\n\t\t\t\t\t<div class=\"e-con-inner\">\n\t\t\t\t<div class=\"elementor-element elementor-element-0973cb2 elementor-widget elementor-widget-heading\" data-id=\"0973cb2\" data-element_type=\"widget\" data-e-type=\"widget\" data-widget_type=\"heading.default\">\n\t\t\t\t<div class=\"elementor-widget-container\">\n\t\t\t\t\t<h2 class=\"elementor-heading-title elementor-size-default\">Foncier  acquis par Terres Habit\u00e9es<\/h2>\t\t\t\t<\/div>\n\t\t\t\t<\/div>\n\t\t\t\t<div class=\"elementor-element elementor-element-0ff2020 elementor-widget elementor-widget-html\" data-id=\"0ff2020\" data-element_type=\"widget\" data-e-type=\"widget\" data-widget_type=\"html.default\">\n\t\t\t\t<div class=\"elementor-widget-container\">\n\t\t\t\t\t<iframe width=\"100%\" height=\"500px\" frameborder=\"0\" allowfullscreen src=\"https:\/\/umap.openstreetmap.fr\/fr\/map\/acquisition-par-terres-habitees_1133181\"><\/iframe><p\t\t\t\t<\/div>\n\t\t\t\t<\/div>\n\t\t\t\t\t<\/div>\n\t\t\t\t<\/div>\n\t\t<div class=\"elementor-element elementor-element-18fe86e e-flex e-con-boxed wpr-particle-no wpr-jarallax-no wpr-parallax-no wpr-sticky-section-no e-con e-parent\" data-id=\"18fe86e\" data-element_type=\"container\" data-e-type=\"container\">\n\t\t\t\t\t<div class=\"e-con-inner\">\n\t\t\t\t<div class=\"elementor-element elementor-element-c144609 elementor-shape-circle e-grid-align-left elementor-grid-0 elementor-widget elementor-widget-social-icons\" data-id=\"c144609\" data-element_type=\"widget\" data-e-type=\"widget\" data-widget_type=\"social-icons.default\">\n\t\t\t\t<div class=\"elementor-widget-container\">\n\t\t\t\t\t\t\t<div class=\"elementor-social-icons-wrapper elementor-grid\">\n\t\t\t\t\t\t\t<span class=\"elementor-grid-item\">\n\t\t\t\t\t<a class=\"elementor-icon elementor-social-icon elementor-social-icon-linkedin elementor-repeater-item-7b47e89\" href=\"https:\/\/www.linkedin.com\/company\/terres-habitees\/about\/\" target=\"_blank\">\n\t\t\t\t\t\t<span class=\"elementor-screen-only\">Linkedin<\/span>\n\t\t\t\t\t\t<svg aria-hidden=\"true\" class=\"e-font-icon-svg e-fab-linkedin\" viewBox=\"0 0 448 512\" xmlns=\"http:\/\/www.w3.org\/2000\/svg\"><path d=\"M416 32H31.9C14.3 32 0 46.5 0 64.3v383.4C0 465.5 14.3 480 31.9 480H416c17.6 0 32-14.5 32-32.3V64.3c0-17.8-14.4-32.3-32-32.3zM135.4 416H69V202.2h66.5V416zm-33.2-243c-21.3 0-38.5-17.3-38.5-38.5S80.9 96 102.2 96c21.2 0 38.5 17.3 38.5 38.5 0 21.3-17.2 38.5-38.5 38.5zm282.1 243h-66.4V312c0-24.8-.5-56.7-34.5-56.7-34.6 0-39.9 27-39.9 54.9V416h-66.4V202.2h63.7v29.2h.9c8.9-16.8 30.6-34.5 62.9-34.5 67.2 0 79.7 44.3 79.7 101.9V416z\"><\/path><\/svg>\t\t\t\t\t<\/a>\n\t\t\t\t<\/span>\n\t\t\t\t\t<\/div>\n\t\t\t\t\t\t<\/div>\n\t\t\t\t<\/div>\n\t\t\t\t\t<\/div>\n\t\t\t\t<\/div>\n\t\t\t\t<\/div>\n\t\t","protected":false},"excerpt":{"rendered":"<p>Les b\u00e9n\u00e9ficiaires Les structures b\u00e9n\u00e9ficiaires sont des coop\u00e9ratives d\u2019habitant\u00b7e\u00b7s (loi ALUR, loi de 1947). Elles ont entre autres pour objet de sortir le logement du march\u00e9 et pour cela elles s\u2019engagent \u00e0 avoir une strat\u00e9gie visant le mod\u00e8le purement locatif (sans capitalisation) permettant de tendre vers du bien commun. Chaque coop\u00e9rative b\u00e9n\u00e9ficiaire est autonome juridiquement et financi\u00e8rement. Elle garde une gestion propre et la main sur les d\u00e9cisions courantes li\u00e9es \u00e0 la vie de la coop\u00e9rative sauf celles qui vont \u00e0 l\u2019encontre de la notion d\u2019habitat bien commun, telle que Terres Habit\u00e9es l\u2019entend. Cette notion se traduit concr\u00e8tement par l\u2019adoption par la coop\u00e9rative d\u2019habitant\u00b7e\u00b7s b\u00e9n\u00e9ficiaire des r\u00e8gles de fonctionnement suivantes : L\u2019association \u00ab\u00a0HabitatBienCommun\u00a0\u00bb garante de l\u2019\u00e9thique du projet Terres Habit\u00e9es, prend une part sociale au sein de la coop\u00e9rative afin d&rsquo;exercer un droit de veto en cas de modification statutaire entra\u00eenant la sortie du syst\u00e8me non sp\u00e9culatif ou le non respect des engagements pris par la coop\u00e9rative envers Terres Habit\u00e9es. La coop\u00e9rative augmente syst\u00e9matiquement la fraction locative (\u00ab\u00a0loyer\u00a0\u00bb) afin de diminuer la fraction acquisitive (\u00ab\u00a0\u00e9pargne ou Compte Courant d\u2019Associ\u00e9\u00b7e\u00b7s\u00a0\u00bb) de fa\u00e7on \u00e9quivalente. \u00c0 la fin de son emprunt principal d&rsquo;investissement, la coop\u00e9rative rembourse progressivement l&rsquo;int\u00e9gralit\u00e9 des fractions acquisitives (\u00ab\u00a0\u00e9pargnes ou Compte Courant d\u2019Associ\u00e9\u00b7e\u00b7s\u00a0\u00bb) puis rembourse les parts sociales des coop\u00e9rateurs et coop\u00e9ratrices afin de diminuer la capitalisation personnelle (droit d\u2019entr\u00e9e). Enfin, la coop\u00e9rative sollicite ses membres afin d&rsquo;\u00e9quilibrer ses charges : co\u00fbt d&rsquo;usage le plus bas possible. En outre, ces coop\u00e9ratives en devenant commanditaires c&rsquo;est-\u00e0-dire des associ\u00e9\u00b7e\u00b7s de la SCA &#8211; permettent gr\u00e2ce \u00e0 la mutualisation des moyens financiers de faire b\u00e9n\u00e9ficier cet outil \u00e0 d\u2019autres coop\u00e9ratives d\u2019habitant\u00b7e\u00b7s. Foncier acquis par Terres Habit\u00e9es<\/p>\n","protected":false},"author":1,"featured_media":201,"parent":0,"menu_order":0,"comment_status":"closed","ping_status":"closed","template":"page-templates\/homepage-no-hero.php","meta":{"inspiro_hide_title":false,"footnotes":""},"class_list":["post-194","page","type-page","status-publish","has-post-thumbnail","hentry"],"yoast_head":"<!-- This site is optimized with the Yoast SEO plugin v27.3 - https:\/\/yoast.com\/product\/yoast-seo-wordpress\/ -->\n<title>B\u00e9n\u00e9ficiaires - Terres habit\u00e9es<\/title>\n<meta name=\"description\" content=\"Les structures b\u00e9n\u00e9ficiaires sont des coop\u00e9ratives d\u2019habitant\u00b7e\u00b7s qui s\u2019engagent \u00e0 avoir une strat\u00e9gie visant le mod\u00e8le purement locatif\" \/>\n<meta name=\"robots\" content=\"index, follow, max-snippet:-1, max-image-preview:large, max-video-preview:-1\" \/>\n<link rel=\"canonical\" href=\"https:\/\/terreshabitees.fr\/index.php\/beneficiaires\/\" \/>\n<meta property=\"og:locale\" content=\"fr_FR\" \/>\n<meta property=\"og:type\" content=\"article\" \/>\n<meta property=\"og:title\" content=\"B\u00e9n\u00e9ficiaires - Terres habit\u00e9es\" \/>\n<meta property=\"og:description\" content=\"Les structures b\u00e9n\u00e9ficiaires sont des coop\u00e9ratives d\u2019habitant\u00b7e\u00b7s qui s\u2019engagent \u00e0 avoir une strat\u00e9gie visant le mod\u00e8le purement locatif\" \/>\n<meta property=\"og:url\" content=\"https:\/\/terreshabitees.fr\/index.php\/beneficiaires\/\" \/>\n<meta property=\"og:site_name\" content=\"Terres habit\u00e9es\" \/>\n<meta property=\"article:modified_time\" content=\"2024-11-28T15:58:46+00:00\" \/>\n<meta property=\"og:image\" content=\"https:\/\/terreshabitees.fr\/wp-content\/uploads\/2024\/10\/closeup-diverse-people-joining-their-hands-scaled.jpg\" \/>\n\t<meta property=\"og:image:width\" content=\"2560\" \/>\n\t<meta property=\"og:image:height\" content=\"1440\" \/>\n\t<meta property=\"og:image:type\" content=\"image\/jpeg\" \/>\n<meta name=\"twitter:card\" content=\"summary_large_image\" \/>\n<meta name=\"twitter:label1\" content=\"Dur\u00e9e de lecture estim\u00e9e\" \/>\n\t<meta name=\"twitter:data1\" content=\"2 minutes\" \/>\n<script type=\"application\/ld+json\" class=\"yoast-schema-graph\">{\"@context\":\"https:\\\/\\\/schema.org\",\"@graph\":[{\"@type\":\"WebPage\",\"@id\":\"https:\\\/\\\/terreshabitees.fr\\\/index.php\\\/beneficiaires\\\/\",\"url\":\"https:\\\/\\\/terreshabitees.fr\\\/index.php\\\/beneficiaires\\\/\",\"name\":\"B\u00e9n\u00e9ficiaires - Terres habit\u00e9es\",\"isPartOf\":{\"@id\":\"https:\\\/\\\/terreshabitees.fr\\\/#website\"},\"primaryImageOfPage\":{\"@id\":\"https:\\\/\\\/terreshabitees.fr\\\/index.php\\\/beneficiaires\\\/#primaryimage\"},\"image\":{\"@id\":\"https:\\\/\\\/terreshabitees.fr\\\/index.php\\\/beneficiaires\\\/#primaryimage\"},\"thumbnailUrl\":\"https:\\\/\\\/terreshabitees.fr\\\/wp-content\\\/uploads\\\/2024\\\/10\\\/closeup-diverse-people-joining-their-hands-scaled.jpg\",\"datePublished\":\"2024-10-31T11:05:37+00:00\",\"dateModified\":\"2024-11-28T15:58:46+00:00\",\"description\":\"Les structures b\u00e9n\u00e9ficiaires sont des coop\u00e9ratives d\u2019habitant\u00b7e\u00b7s qui s\u2019engagent \u00e0 avoir une strat\u00e9gie visant le mod\u00e8le purement locatif\",\"breadcrumb\":{\"@id\":\"https:\\\/\\\/terreshabitees.fr\\\/index.php\\\/beneficiaires\\\/#breadcrumb\"},\"inLanguage\":\"fr-FR\",\"potentialAction\":[{\"@type\":\"ReadAction\",\"target\":[\"https:\\\/\\\/terreshabitees.fr\\\/index.php\\\/beneficiaires\\\/\"]}]},{\"@type\":\"ImageObject\",\"inLanguage\":\"fr-FR\",\"@id\":\"https:\\\/\\\/terreshabitees.fr\\\/index.php\\\/beneficiaires\\\/#primaryimage\",\"url\":\"https:\\\/\\\/terreshabitees.fr\\\/wp-content\\\/uploads\\\/2024\\\/10\\\/closeup-diverse-people-joining-their-hands-scaled.jpg\",\"contentUrl\":\"https:\\\/\\\/terreshabitees.fr\\\/wp-content\\\/uploads\\\/2024\\\/10\\\/closeup-diverse-people-joining-their-hands-scaled.jpg\",\"width\":2560,\"height\":1440,\"caption\":\"Closeup of diverse people joining their hands\"},{\"@type\":\"BreadcrumbList\",\"@id\":\"https:\\\/\\\/terreshabitees.fr\\\/index.php\\\/beneficiaires\\\/#breadcrumb\",\"itemListElement\":[{\"@type\":\"ListItem\",\"position\":1,\"name\":\"Accueil\",\"item\":\"https:\\\/\\\/terreshabitees.fr\\\/\"},{\"@type\":\"ListItem\",\"position\":2,\"name\":\"B\u00e9n\u00e9ficiaires\"}]},{\"@type\":\"WebSite\",\"@id\":\"https:\\\/\\\/terreshabitees.fr\\\/#website\",\"url\":\"https:\\\/\\\/terreshabitees.fr\\\/\",\"name\":\"Terres habit\u00e9es\",\"description\":\"Ensemble, Fonder l&#039;habitat bien commun\",\"publisher\":{\"@id\":\"https:\\\/\\\/terreshabitees.fr\\\/#organization\"},\"potentialAction\":[{\"@type\":\"SearchAction\",\"target\":{\"@type\":\"EntryPoint\",\"urlTemplate\":\"https:\\\/\\\/terreshabitees.fr\\\/?s={search_term_string}\"},\"query-input\":{\"@type\":\"PropertyValueSpecification\",\"valueRequired\":true,\"valueName\":\"search_term_string\"}}],\"inLanguage\":\"fr-FR\"},{\"@type\":\"Organization\",\"@id\":\"https:\\\/\\\/terreshabitees.fr\\\/#organization\",\"name\":\"Terres habit\u00e9es\",\"url\":\"https:\\\/\\\/terreshabitees.fr\\\/\",\"logo\":{\"@type\":\"ImageObject\",\"inLanguage\":\"fr-FR\",\"@id\":\"https:\\\/\\\/terreshabitees.fr\\\/#\\\/schema\\\/logo\\\/image\\\/\",\"url\":\"https:\\\/\\\/terreshabitees.fr\\\/wp-content\\\/uploads\\\/2024\\\/10\\\/LOGO-terreshabitees-quadri.png\",\"contentUrl\":\"https:\\\/\\\/terreshabitees.fr\\\/wp-content\\\/uploads\\\/2024\\\/10\\\/LOGO-terreshabitees-quadri.png\",\"width\":1800,\"height\":1690,\"caption\":\"Terres habit\u00e9es\"},\"image\":{\"@id\":\"https:\\\/\\\/terreshabitees.fr\\\/#\\\/schema\\\/logo\\\/image\\\/\"},\"sameAs\":[\"https:\\\/\\\/www.linkedin.com\\\/company\\\/terres-habitees\\\/about\\\/\"]}]}<\/script>\n<!-- \/ Yoast SEO plugin. -->","yoast_head_json":{"title":"B\u00e9n\u00e9ficiaires - Terres habit\u00e9es","description":"Les structures b\u00e9n\u00e9ficiaires sont des coop\u00e9ratives d\u2019habitant\u00b7e\u00b7s qui s\u2019engagent \u00e0 avoir une strat\u00e9gie visant le mod\u00e8le purement locatif","robots":{"index":"index","follow":"follow","max-snippet":"max-snippet:-1","max-image-preview":"max-image-preview:large","max-video-preview":"max-video-preview:-1"},"canonical":"https:\/\/terreshabitees.fr\/index.php\/beneficiaires\/","og_locale":"fr_FR","og_type":"article","og_title":"B\u00e9n\u00e9ficiaires - Terres habit\u00e9es","og_description":"Les structures b\u00e9n\u00e9ficiaires sont des coop\u00e9ratives d\u2019habitant\u00b7e\u00b7s qui s\u2019engagent \u00e0 avoir une strat\u00e9gie visant le mod\u00e8le purement locatif","og_url":"https:\/\/terreshabitees.fr\/index.php\/beneficiaires\/","og_site_name":"Terres habit\u00e9es","article_modified_time":"2024-11-28T15:58:46+00:00","og_image":[{"width":2560,"height":1440,"url":"https:\/\/terreshabitees.fr\/wp-content\/uploads\/2024\/10\/closeup-diverse-people-joining-their-hands-scaled.jpg","type":"image\/jpeg"}],"twitter_card":"summary_large_image","twitter_misc":{"Dur\u00e9e de lecture estim\u00e9e":"2 minutes"},"schema":{"@context":"https:\/\/schema.org","@graph":[{"@type":"WebPage","@id":"https:\/\/terreshabitees.fr\/index.php\/beneficiaires\/","url":"https:\/\/terreshabitees.fr\/index.php\/beneficiaires\/","name":"B\u00e9n\u00e9ficiaires - Terres habit\u00e9es","isPartOf":{"@id":"https:\/\/terreshabitees.fr\/#website"},"primaryImageOfPage":{"@id":"https:\/\/terreshabitees.fr\/index.php\/beneficiaires\/#primaryimage"},"image":{"@id":"https:\/\/terreshabitees.fr\/index.php\/beneficiaires\/#primaryimage"},"thumbnailUrl":"https:\/\/terreshabitees.fr\/wp-content\/uploads\/2024\/10\/closeup-diverse-people-joining-their-hands-scaled.jpg","datePublished":"2024-10-31T11:05:37+00:00","dateModified":"2024-11-28T15:58:46+00:00","description":"Les structures b\u00e9n\u00e9ficiaires sont des coop\u00e9ratives d\u2019habitant\u00b7e\u00b7s qui s\u2019engagent \u00e0 avoir une strat\u00e9gie visant le mod\u00e8le purement locatif","breadcrumb":{"@id":"https:\/\/terreshabitees.fr\/index.php\/beneficiaires\/#breadcrumb"},"inLanguage":"fr-FR","potentialAction":[{"@type":"ReadAction","target":["https:\/\/terreshabitees.fr\/index.php\/beneficiaires\/"]}]},{"@type":"ImageObject","inLanguage":"fr-FR","@id":"https:\/\/terreshabitees.fr\/index.php\/beneficiaires\/#primaryimage","url":"https:\/\/terreshabitees.fr\/wp-content\/uploads\/2024\/10\/closeup-diverse-people-joining-their-hands-scaled.jpg","contentUrl":"https:\/\/terreshabitees.fr\/wp-content\/uploads\/2024\/10\/closeup-diverse-people-joining-their-hands-scaled.jpg","width":2560,"height":1440,"caption":"Closeup of diverse people joining their hands"},{"@type":"BreadcrumbList","@id":"https:\/\/terreshabitees.fr\/index.php\/beneficiaires\/#breadcrumb","itemListElement":[{"@type":"ListItem","position":1,"name":"Accueil","item":"https:\/\/terreshabitees.fr\/"},{"@type":"ListItem","position":2,"name":"B\u00e9n\u00e9ficiaires"}]},{"@type":"WebSite","@id":"https:\/\/terreshabitees.fr\/#website","url":"https:\/\/terreshabitees.fr\/","name":"Terres habit\u00e9es","description":"Ensemble, Fonder l&#039;habitat bien commun","publisher":{"@id":"https:\/\/terreshabitees.fr\/#organization"},"potentialAction":[{"@type":"SearchAction","target":{"@type":"EntryPoint","urlTemplate":"https:\/\/terreshabitees.fr\/?s={search_term_string}"},"query-input":{"@type":"PropertyValueSpecification","valueRequired":true,"valueName":"search_term_string"}}],"inLanguage":"fr-FR"},{"@type":"Organization","@id":"https:\/\/terreshabitees.fr\/#organization","name":"Terres habit\u00e9es","url":"https:\/\/terreshabitees.fr\/","logo":{"@type":"ImageObject","inLanguage":"fr-FR","@id":"https:\/\/terreshabitees.fr\/#\/schema\/logo\/image\/","url":"https:\/\/terreshabitees.fr\/wp-content\/uploads\/2024\/10\/LOGO-terreshabitees-quadri.png","contentUrl":"https:\/\/terreshabitees.fr\/wp-content\/uploads\/2024\/10\/LOGO-terreshabitees-quadri.png","width":1800,"height":1690,"caption":"Terres habit\u00e9es"},"image":{"@id":"https:\/\/terreshabitees.fr\/#\/schema\/logo\/image\/"},"sameAs":["https:\/\/www.linkedin.com\/company\/terres-habitees\/about\/"]}]}},"_links":{"self":[{"href":"https:\/\/terreshabitees.fr\/index.php\/wp-json\/wp\/v2\/pages\/194","targetHints":{"allow":["GET"]}}],"collection":[{"href":"https:\/\/terreshabitees.fr\/index.php\/wp-json\/wp\/v2\/pages"}],"about":[{"href":"https:\/\/terreshabitees.fr\/index.php\/wp-json\/wp\/v2\/types\/page"}],"author":[{"embeddable":true,"href":"https:\/\/terreshabitees.fr\/index.php\/wp-json\/wp\/v2\/users\/1"}],"replies":[{"embeddable":true,"href":"https:\/\/terreshabitees.fr\/index.php\/wp-json\/wp\/v2\/comments?post=194"}],"version-history":[{"count":49,"href":"https:\/\/terreshabitees.fr\/index.php\/wp-json\/wp\/v2\/pages\/194\/revisions"}],"predecessor-version":[{"id":571,"href":"https:\/\/terreshabitees.fr\/index.php\/wp-json\/wp\/v2\/pages\/194\/revisions\/571"}],"wp:featuredmedia":[{"embeddable":true,"href":"https:\/\/terreshabitees.fr\/index.php\/wp-json\/wp\/v2\/media\/201"}],"wp:attachment":[{"href":"https:\/\/terreshabitees.fr\/index.php\/wp-json\/wp\/v2\/media?parent=194"}],"curies":[{"name":"wp","href":"https:\/\/api.w.org\/{rel}","templated":true}]}}